{"id":2682,"date":"2022-03-30T16:16:06","date_gmt":"2022-03-30T14:16:06","guid":{"rendered":"https:\/\/zebra-production.com\/landing-page\/susanna-dorhage\/"},"modified":"2022-05-18T18:04:24","modified_gmt":"2022-05-18T16:04:24","slug":"susanna-dorhage","status":"publish","type":"page","link":"https:\/\/zebra-production.com\/de\/landing-page\/susanna-dorhage\/","title":{"rendered":"Susanna D\u00f6rhage"},"content":{"rendered":"<\/div><\/div><\/div><!-- close content main div --><\/div><\/div>\n<style type=\"text\/css\" data-created_by=\"avia_inline_auto\" id=\"style-css-av-k7yyxacw-5907af91cc9e450e50d5834bd7f3c693\">\n.avia-section.av-k7yyxacw-5907af91cc9e450e50d5834bd7f3c693{\nbackground-color:#ef3639;\nbackground-image:unset;\n}\n<\/style>\n<div id='av_section_1'  class='avia-section av-k7yyxacw-5907af91cc9e450e50d5834bd7f3c693 main_color avia-section-small avia-no-border-styling avia-bg-style-scroll container_wrap fullsize'  ><div class='container av-section-cont-open' ><div class='template-page content  av-content-full alpha units'><div class='post-entry post-entry-type-page post-entry-2682'><div class='entry-content-wrapper clearfix'>\r\n\r\n\n<style type=\"text\/css\" data-created_by=\"avia_inline_auto\" id=\"style-css-av-k7ypxm0n-fbd9aa13549ba8abd99e2aba95678f3e\">\n#top .av_textblock_section.av-k7ypxm0n-fbd9aa13549ba8abd99e2aba95678f3e .avia_textblock{\nfont-size:30px;\n}\n\n@media only screen and (max-width: 479px){ \n#top .av_textblock_section.av-k7ypxm0n-fbd9aa13549ba8abd99e2aba95678f3e .avia_textblock{\nfont-size:25px;\n}\n}\n<\/style>\n<section  class='av_textblock_section av-k7ypxm0n-fbd9aa13549ba8abd99e2aba95678f3e '   itemscope=\"itemscope\" itemtype=\"https:\/\/schema.org\/CreativeWork\" ><div class='avia_textblock'  itemprop=\"text\" ><div class=\"equipe-popup-photo\" style=\"margin-top: 20px; margin-bottom: -20px;\"><img decoding=\"async\" width=\"220\" height=\"220\" src=\"https:\/\/zebra-production.com\/wp-content\/uploads\/2021\/01\/Susanna-2-220x220.jpg\" class=\"attachment-square size-square\" alt=\"\" srcset=\"https:\/\/zebra-production.com\/wp-content\/uploads\/2021\/01\/Susanna-2-220x220.jpg 220w, https:\/\/zebra-production.com\/wp-content\/uploads\/2021\/01\/Susanna-2-400x400.jpg 400w, https:\/\/zebra-production.com\/wp-content\/uploads\/2021\/01\/Susanna-2-80x80.jpg 80w, https:\/\/zebra-production.com\/wp-content\/uploads\/2021\/01\/Susanna-2-768x768.jpg 768w, https:\/\/zebra-production.com\/wp-content\/uploads\/2021\/01\/Susanna-2-36x36.jpg 36w, https:\/\/zebra-production.com\/wp-content\/uploads\/2021\/01\/Susanna-2-800x800.jpg 800w, https:\/\/zebra-production.com\/wp-content\/uploads\/2021\/01\/Susanna-2-60x60.jpg 60w, https:\/\/zebra-production.com\/wp-content\/uploads\/2021\/01\/Susanna-2-480x480.jpg 480w, https:\/\/zebra-production.com\/wp-content\/uploads\/2021\/01\/Susanna-2.jpg 1000w\" sizes=\"(max-width: 220px) 100vw, 220px\" \/><\/div>\n<p><strong><p>Susanna D\u00f6rhage, directrice et fondatrice apr\u00e8s une longue carri\u00e8re dans la cha\u00eene ARTE, est responsable de l\u2019ensemble de la production.<\/p>\n<\/strong><\/p>\n<\/div><\/section>\r\n\r\n\n","protected":false},"excerpt":{"rendered":"","protected":false},"author":1,"featured_media":0,"parent":2373,"menu_order":0,"comment_status":"closed","ping_status":"closed","template":"template-blank.php","meta":{"footnotes":""},"class_list":["post-2682","page","type-page","status-publish","hentry"],"yoast_head":"<!-- This site is optimized with the Yoast SEO plugin v22.5 - https:\/\/yoast.com\/wordpress\/plugins\/seo\/ -->\n<title>Susanna D\u00f6rhage - Zebra production<\/title>\n<meta name=\"robots\" content=\"noindex, nofollow\" \/>\n<meta property=\"og:locale\" content=\"de_DE\" \/>\n<meta property=\"og:type\" content=\"article\" \/>\n<meta property=\"og:title\" content=\"Susanna D\u00f6rhage - Zebra production\" \/>\n<meta property=\"og:url\" content=\"https:\/\/zebra-production.com\/de\/landing-page\/susanna-dorhage\/\" \/>\n<meta property=\"og:site_name\" content=\"Zebra production\" \/>\n<meta property=\"article:modified_time\" content=\"2022-05-18T16:04:24+00:00\" \/>\n<meta name=\"twitter:card\" content=\"summary_large_image\" \/>\n<script type=\"application\/ld+json\" class=\"yoast-schema-graph\">{\"@context\":\"https:\/\/schema.org\",\"@graph\":[{\"@type\":\"WebPage\",\"@id\":\"https:\/\/zebra-production.com\/de\/landing-page\/susanna-dorhage\/\",\"url\":\"https:\/\/zebra-production.com\/de\/landing-page\/susanna-dorhage\/\",\"name\":\"Susanna D\u00f6rhage - Zebra production\",\"isPartOf\":{\"@id\":\"https:\/\/zebra-production.com\/#website\"},\"datePublished\":\"2022-03-30T14:16:06+00:00\",\"dateModified\":\"2022-05-18T16:04:24+00:00\",\"breadcrumb\":{\"@id\":\"https:\/\/zebra-production.com\/de\/landing-page\/susanna-dorhage\/#breadcrumb\"},\"inLanguage\":\"de\",\"potentialAction\":[{\"@type\":\"ReadAction\",\"target\":[\"https:\/\/zebra-production.com\/de\/landing-page\/susanna-dorhage\/\"]}]},{\"@type\":\"BreadcrumbList\",\"@id\":\"https:\/\/zebra-production.com\/de\/landing-page\/susanna-dorhage\/#breadcrumb\",\"itemListElement\":[{\"@type\":\"ListItem\",\"position\":1,\"name\":\"Accueil\",\"item\":\"https:\/\/zebra-production.com\/accueil\/\"},{\"@type\":\"ListItem\",\"position\":2,\"name\":\"Landing page\",\"item\":\"https:\/\/zebra-production.com\/de\/landing-page\/\"},{\"@type\":\"ListItem\",\"position\":3,\"name\":\"Susanna D\u00f6rhage\"}]},{\"@type\":\"WebSite\",\"@id\":\"https:\/\/zebra-production.com\/#website\",\"url\":\"https:\/\/zebra-production.com\/\",\"name\":\"Zebra production\",\"description\":\"Agence de production audiovisuelle\",\"publisher\":{\"@id\":\"https:\/\/zebra-production.com\/#organization\"},\"potentialAction\":[{\"@type\":\"SearchAction\",\"target\":{\"@type\":\"EntryPoint\",\"urlTemplate\":\"https:\/\/zebra-production.com\/?s={search_term_string}\"},\"query-input\":\"required name=search_term_string\"}],\"inLanguage\":\"de\"},{\"@type\":\"Organization\",\"@id\":\"https:\/\/zebra-production.com\/#organization\",\"name\":\"Zebra production\",\"url\":\"https:\/\/zebra-production.com\/\",\"logo\":{\"@type\":\"ImageObject\",\"inLanguage\":\"de\",\"@id\":\"https:\/\/zebra-production.com\/#\/schema\/logo\/image\/\",\"url\":\"https:\/\/zebra-production.com\/wp-content\/uploads\/2020\/03\/Zebra-favicon-1.png\",\"contentUrl\":\"https:\/\/zebra-production.com\/wp-content\/uploads\/2020\/03\/Zebra-favicon-1.png\",\"width\":512,\"height\":512,\"caption\":\"Zebra production\"},\"image\":{\"@id\":\"https:\/\/zebra-production.com\/#\/schema\/logo\/image\/\"}}]}<\/script>\n<!-- \/ Yoast SEO plugin. -->","yoast_head_json":{"title":"Susanna D\u00f6rhage - Zebra production","robots":{"index":"noindex","follow":"nofollow"},"og_locale":"de_DE","og_type":"article","og_title":"Susanna D\u00f6rhage - Zebra production","og_url":"https:\/\/zebra-production.com\/de\/landing-page\/susanna-dorhage\/","og_site_name":"Zebra production","article_modified_time":"2022-05-18T16:04:24+00:00","twitter_card":"summary_large_image","schema":{"@context":"https:\/\/schema.org","@graph":[{"@type":"WebPage","@id":"https:\/\/zebra-production.com\/de\/landing-page\/susanna-dorhage\/","url":"https:\/\/zebra-production.com\/de\/landing-page\/susanna-dorhage\/","name":"Susanna D\u00f6rhage - Zebra production","isPartOf":{"@id":"https:\/\/zebra-production.com\/#website"},"datePublished":"2022-03-30T14:16:06+00:00","dateModified":"2022-05-18T16:04:24+00:00","breadcrumb":{"@id":"https:\/\/zebra-production.com\/de\/landing-page\/susanna-dorhage\/#breadcrumb"},"inLanguage":"de","potentialAction":[{"@type":"ReadAction","target":["https:\/\/zebra-production.com\/de\/landing-page\/susanna-dorhage\/"]}]},{"@type":"BreadcrumbList","@id":"https:\/\/zebra-production.com\/de\/landing-page\/susanna-dorhage\/#breadcrumb","itemListElement":[{"@type":"ListItem","position":1,"name":"Accueil","item":"https:\/\/zebra-production.com\/accueil\/"},{"@type":"ListItem","position":2,"name":"Landing page","item":"https:\/\/zebra-production.com\/de\/landing-page\/"},{"@type":"ListItem","position":3,"name":"Susanna D\u00f6rhage"}]},{"@type":"WebSite","@id":"https:\/\/zebra-production.com\/#website","url":"https:\/\/zebra-production.com\/","name":"Zebra production","description":"Agence de production audiovisuelle","publisher":{"@id":"https:\/\/zebra-production.com\/#organization"},"potentialAction":[{"@type":"SearchAction","target":{"@type":"EntryPoint","urlTemplate":"https:\/\/zebra-production.com\/?s={search_term_string}"},"query-input":"required name=search_term_string"}],"inLanguage":"de"},{"@type":"Organization","@id":"https:\/\/zebra-production.com\/#organization","name":"Zebra production","url":"https:\/\/zebra-production.com\/","logo":{"@type":"ImageObject","inLanguage":"de","@id":"https:\/\/zebra-production.com\/#\/schema\/logo\/image\/","url":"https:\/\/zebra-production.com\/wp-content\/uploads\/2020\/03\/Zebra-favicon-1.png","contentUrl":"https:\/\/zebra-production.com\/wp-content\/uploads\/2020\/03\/Zebra-favicon-1.png","width":512,"height":512,"caption":"Zebra production"},"image":{"@id":"https:\/\/zebra-production.com\/#\/schema\/logo\/image\/"}}]}},"_links":{"self":[{"href":"https:\/\/zebra-production.com\/de\/wp-json\/wp\/v2\/pages\/2682","targetHints":{"allow":["GET"]}}],"collection":[{"href":"https:\/\/zebra-production.com\/de\/wp-json\/wp\/v2\/pages"}],"about":[{"href":"https:\/\/zebra-production.com\/de\/wp-json\/wp\/v2\/types\/page"}],"author":[{"embeddable":true,"href":"https:\/\/zebra-production.com\/de\/wp-json\/wp\/v2\/users\/1"}],"replies":[{"embeddable":true,"href":"https:\/\/zebra-production.com\/de\/wp-json\/wp\/v2\/comments?post=2682"}],"version-history":[{"count":1,"href":"https:\/\/zebra-production.com\/de\/wp-json\/wp\/v2\/pages\/2682\/revisions"}],"predecessor-version":[{"id":2707,"href":"https:\/\/zebra-production.com\/de\/wp-json\/wp\/v2\/pages\/2682\/revisions\/2707"}],"up":[{"embeddable":true,"href":"https:\/\/zebra-production.com\/de\/wp-json\/wp\/v2\/pages\/2373"}],"wp:attachment":[{"href":"https:\/\/zebra-production.com\/de\/wp-json\/wp\/v2\/media?parent=2682"}],"curies":[{"name":"wp","href":"https:\/\/api.w.org\/{rel}","templated":true}]}}